{"id":5,"date":"2021-04-21T16:29:54","date_gmt":"2021-04-21T14:29:54","guid":{"rendered":"http:\/\/gapreal.sk\/?page_id=5"},"modified":"2021-04-23T10:00:39","modified_gmt":"2021-04-23T08:00:39","slug":"domov","status":"publish","type":"page","link":"https:\/\/gapreal.sk\/","title":{"rendered":"Domov"},"content":{"rendered":"\t\t<div data-elementor-type=\"wp-page\" data-elementor-id=\"5\" class=\"elementor elementor-5\" data-elementor-settings=\"[]\">\n\t\t\t\t\t\t\t<div class=\"elementor-section-wrap\">\n\t\t\t\t\t\t\t<section class=\"elementor-section elementor-top-section elementor-element elementor-element-c50838b elementor-section-full_width elementor-section-height-full elementor-section-content-middle elementor-section-stretched elementor-section-height-default elementor-section-items-middle\" data-id=\"c50838b\" data-element_type=\"section\" data-settings=\"{&quot;background_background&quot;:&quot;classic&quot;,&quot;stretch_section&quot;:&quot;section-stretched&quot;}\">\n\t\t\t\t\t\t\t<div class=\"elementor-background-overlay\"><\/div>\n\t\t\t\t\t\t\t<div class=\"elementor-container elementor-column-gap-default\">\n\t\t\t\t\t<div class=\"elementor-column elementor-col-33 elementor-top-column elementor-element elementor-element-2f84d6d\" data-id=\"2f84d6d\" data-element_type=\"column\">\n\t\t\t<div class=\"elementor-widget-wrap\">\n\t\t\t\t\t\t\t\t\t<\/div>\n\t\t<\/div>\n\t\t\t\t<div class=\"elementor-column elementor-col-33 elementor-top-column elementor-element elementor-element-55b0429\" data-id=\"55b0429\" data-element_type=\"column\">\n\t\t\t<div class=\"elementor-widget-wrap elementor-element-populated\">\n\t\t\t\t\t\t\t\t<div class=\"elementor-element elementor-element-02654f5 elementor-widget elementor-widget-image\" data-id=\"02654f5\" data-element_type=\"widget\" data-widget_type=\"image.default\">\n\t\t\t\t<div class=\"elementor-widget-container\">\n\t\t\t\t\t\t\t\t\t\t\t\t\t\t\t<img loading=\"lazy\" decoding=\"async\" width=\"300\" height=\"45\" src=\"https:\/\/gapreal.sk\/wp-content\/uploads\/2021\/04\/GAP-REAL-300x45.png\" class=\"attachment-medium size-medium\" alt=\"\" srcset=\"https:\/\/gapreal.sk\/wp-content\/uploads\/2021\/04\/GAP-REAL-300x45.png 300w, https:\/\/gapreal.sk\/wp-content\/uploads\/2021\/04\/GAP-REAL.png 623w\" sizes=\"auto, (max-width: 300px) 100vw, 300px\" \/>\t\t\t\t\t\t\t\t\t\t\t\t\t\t\t<\/div>\n\t\t\t\t<\/div>\n\t\t\t\t<div class=\"elementor-element elementor-element-453e782 elementor-widget elementor-widget-heading\" data-id=\"453e782\" data-element_type=\"widget\" data-widget_type=\"heading.default\">\n\t\t\t\t<div class=\"elementor-widget-container\">\n\t\t\t<h3 class=\"elementor-heading-title elementor-size-small\">GAP REAL, s.r.o.  |  Koce\u013eova 8, Nitra 949 01<br>\n<a href=\"tel: 0376524046 \"> 037\/652 40 46 <\/a> | <a href=\"mailto:info@gapreal.sk\">info@gapreal.sk<\/a><\/h3>\t\t<\/div>\n\t\t\t\t<\/div>\n\t\t\t\t\t<\/div>\n\t\t<\/div>\n\t\t\t\t<div class=\"elementor-column elementor-col-33 elementor-top-column elementor-element elementor-element-79b148e\" data-id=\"79b148e\" data-element_type=\"column\">\n\t\t\t<div class=\"elementor-widget-wrap\">\n\t\t\t\t\t\t\t\t\t<\/div>\n\t\t<\/div>\n\t\t\t\t\t\t\t<\/div>\n\t\t<\/section>\n\t\t\t\t\t\t<\/div>\n\t\t\t\t\t<\/div>\n\t\t","protected":false},"excerpt":{"rendered":"<p>Explore The Colourful World A Wonderful Gift Learn More &#8220;Fuerat aestu carentem habentia spectent tonitrua mutastis locavit liberioris.&#8221; &#8211; Adam Sendler Upcoming Events Everest Camp Trek Fuerat aestu carentem habentia spectent tonitrua mutastis locavit liberioris inistra possedit. Learn More Walking Holidays Fuerat aestu carentem habentia spectent tonitrua mutastis locavit liberioris inistra possedit. Learn More Explore &hellip;<\/p>\n<p class=\"read-more\"> <a class=\"\" href=\"https:\/\/websitedemos.net\/outdoor-adventure-02\/\"> <span class=\"screen-reader-text\">Home<\/span> Read More &raquo;<\/a><\/p>\n","protected":false},"author":1,"featured_media":0,"parent":0,"menu_order":0,"comment_status":"closed","ping_status":"closed","template":"elementor_header_footer","meta":{"footnotes":""},"class_list":["post-5","page","type-page","status-publish","hentry"],"yoast_head":"<!-- This site is optimized with the Yoast SEO plugin v16.1.1 - https:\/\/yoast.com\/wordpress\/plugins\/seo\/ -->\n<title>Domov - Gapreal.sk<\/title>\n<link rel=\"canonical\" href=\"http:\/\/gapreal.sk\/\" \/>\n<meta property=\"og:locale\" content=\"sk_SK\" \/>\n<meta property=\"og:type\" content=\"article\" \/>\n<meta property=\"og:title\" content=\"Domov - Gapreal.sk\" \/>\n<meta property=\"og:description\" content=\"Explore The Colourful World A Wonderful Gift Learn More &#8220;Fuerat aestu carentem habentia spectent tonitrua mutastis locavit liberioris.&#8221; &#8211; Adam Sendler Upcoming Events Everest Camp Trek Fuerat aestu carentem habentia spectent tonitrua mutastis locavit liberioris inistra possedit. Learn More Walking Holidays Fuerat aestu carentem habentia spectent tonitrua mutastis locavit liberioris inistra possedit. Learn More Explore &hellip;  Home Read More &raquo;\" \/>\n<meta property=\"og:url\" content=\"http:\/\/gapreal.sk\/\" \/>\n<meta property=\"og:site_name\" content=\"Gapreal.sk\" \/>\n<meta property=\"article:modified_time\" content=\"2021-04-23T08:00:39+00:00\" \/>\n<meta property=\"og:image\" content=\"http:\/\/gapreal.sk\/wp-content\/uploads\/2021\/04\/GAP-REAL-300x45.png\" \/>\n<meta name=\"twitter:card\" content=\"summary_large_image\" \/>\n<meta name=\"twitter:label1\" content=\"Predpokladan\u00fd \u010das \u010d\u00edtania\">\n\t<meta name=\"twitter:data1\" content=\"2 min\u00faty\">\n<script type=\"application\/ld+json\" class=\"yoast-schema-graph\">{\"@context\":\"https:\/\/schema.org\",\"@graph\":[{\"@type\":\"WebSite\",\"@id\":\"http:\/\/gapreal.sk\/#website\",\"url\":\"http:\/\/gapreal.sk\/\",\"name\":\"Gapreal.sk\",\"description\":\"\",\"potentialAction\":[{\"@type\":\"SearchAction\",\"target\":\"http:\/\/gapreal.sk\/?s={search_term_string}\",\"query-input\":\"required name=search_term_string\"}],\"inLanguage\":\"sk-SK\"},{\"@type\":\"ImageObject\",\"@id\":\"http:\/\/gapreal.sk\/#primaryimage\",\"inLanguage\":\"sk-SK\",\"url\":\"http:\/\/gapreal.sk\/wp-content\/uploads\/2021\/04\/GAP-REAL-300x45.png\",\"contentUrl\":\"http:\/\/gapreal.sk\/wp-content\/uploads\/2021\/04\/GAP-REAL-300x45.png\"},{\"@type\":\"WebPage\",\"@id\":\"http:\/\/gapreal.sk\/#webpage\",\"url\":\"http:\/\/gapreal.sk\/\",\"name\":\"Domov - Gapreal.sk\",\"isPartOf\":{\"@id\":\"http:\/\/gapreal.sk\/#website\"},\"primaryImageOfPage\":{\"@id\":\"http:\/\/gapreal.sk\/#primaryimage\"},\"datePublished\":\"2021-04-21T14:29:54+00:00\",\"dateModified\":\"2021-04-23T08:00:39+00:00\",\"breadcrumb\":{\"@id\":\"http:\/\/gapreal.sk\/#breadcrumb\"},\"inLanguage\":\"sk-SK\",\"potentialAction\":[{\"@type\":\"ReadAction\",\"target\":[\"http:\/\/gapreal.sk\/\"]}]},{\"@type\":\"BreadcrumbList\",\"@id\":\"http:\/\/gapreal.sk\/#breadcrumb\",\"itemListElement\":[{\"@type\":\"ListItem\",\"position\":1,\"item\":{\"@type\":\"WebPage\",\"@id\":\"http:\/\/gapreal.sk\/\",\"url\":\"http:\/\/gapreal.sk\/\",\"name\":\"Domovsk\\u00e1 str\\u00e1nka\"}},{\"@type\":\"ListItem\",\"position\":2,\"item\":{\"@type\":\"WebPage\",\"@id\":\"http:\/\/gapreal.sk\/\",\"url\":\"http:\/\/gapreal.sk\/\",\"name\":\"Domov\"}}]}]}<\/script>\n<!-- \/ Yoast SEO plugin. -->","_links":{"self":[{"href":"https:\/\/gapreal.sk\/index.php\/wp-json\/wp\/v2\/pages\/5","targetHints":{"allow":["GET"]}}],"collection":[{"href":"https:\/\/gapreal.sk\/index.php\/wp-json\/wp\/v2\/pages"}],"about":[{"href":"https:\/\/gapreal.sk\/index.php\/wp-json\/wp\/v2\/types\/page"}],"author":[{"embeddable":true,"href":"https:\/\/gapreal.sk\/index.php\/wp-json\/wp\/v2\/users\/1"}],"replies":[{"embeddable":true,"href":"https:\/\/gapreal.sk\/index.php\/wp-json\/wp\/v2\/comments?post=5"}],"version-history":[{"count":8,"href":"https:\/\/gapreal.sk\/index.php\/wp-json\/wp\/v2\/pages\/5\/revisions"}],"predecessor-version":[{"id":45,"href":"https:\/\/gapreal.sk\/index.php\/wp-json\/wp\/v2\/pages\/5\/revisions\/45"}],"wp:attachment":[{"href":"https:\/\/gapreal.sk\/index.php\/wp-json\/wp\/v2\/media?parent=5"}],"curies":[{"name":"wp","href":"https:\/\/api.w.org\/{rel}","templated":true}]}}